{"id":8,"date":"2018-02-02T18:26:18","date_gmt":"2018-02-02T18:26:18","guid":{"rendered":"http:\/\/www.mobilem.ch\/wordpress\/?page_id=8"},"modified":"2023-02-06T20:51:53","modified_gmt":"2023-02-06T20:51:53","slug":"ueber-mich","status":"publish","type":"page","link":"https:\/\/mobilem.ch\/wordpress\/index.php\/ueber-mich\/","title":{"rendered":"\u00dcber uns \/ Geschichte"},"content":{"rendered":"<p><span style=\"font-family: Arial; font-size: medium;\"><b>Die mobilem gmbh ist aus einem Projekt der Gemeinde Wohlen entstanden.\u00a0<\/b><\/span><b> <\/b><span style=\"font-family: Arial; font-size: small;\"><br \/>\n<\/span><\/p>\n<p><img loading=\"lazy\" decoding=\"async\" class=\"size-medium wp-image-63 aligncenter\" src=\"https:\/\/mobilem.ch\/wordpress\/wp-content\/uploads\/2018\/04\/0153-300x205.jpg\" alt=\"\" width=\"300\" height=\"205\" srcset=\"https:\/\/mobilem.ch\/wordpress\/wp-content\/uploads\/2018\/04\/0153-300x205.jpg 300w, https:\/\/mobilem.ch\/wordpress\/wp-content\/uploads\/2018\/04\/0153.jpg 400w\" sizes=\"auto, (max-width: 300px) 100vw, 300px\" \/><\/p>\n<p><span style=\"font-family: Arial; font-size: small;\">Die <b>Gemeinde Wohlen bei Bern<\/b> hat sich 1995 beim <\/span><a href=\"http:\/\/www.admin.ch\/bfe\/\" target=\"_blank\" rel=\"noopener noreferrer\"><span style=\"color: #0066cc; font-family: Arial; font-size: small;\"><u>Bundesamt f\u00fcr Energie (BFE)<\/u><\/span><\/a><span style=\"font-family: Arial; font-size: small;\"> als Modellversuchsgemeinde f\u00fcr den Grossversuch mit Elektromobilen beworben. Dieses Projekt wurde im Rahmen von Energie 2000 ausgeschrieben. Unter den \u00fcber 30 Bewerbern wurde Mendrisio f\u00fcr diesen Grossversuch ausgew\u00e4hlt. Den anderen Bewerbern wurde der Status als Partnergemeinde zum Grossversuch angeboten, unter der Bedingung, dass sie ein taugliches Projekt erarbeiteten.<\/span><\/p>\n<p><span style=\"font-family: Arial; font-size: small;\">Sechs der urspr\u00fcnglichen Bewerbergemeinden wurden in der Folge als Partnergemeinden akzeptiert, darunter Ittigen BE, Wil SG, Riehen BS, Monthey VS und Wohlen BE.<\/span><\/p>\n<p><span style=\"font-family: Arial; font-size: small;\">F\u00fcr die Projekterarbeitung bildete sich die Arbeitsgruppe <b>MobiLEM<\/b>, welche aus organisatorischen Gr\u00fcnden der bereits bestehenden Genossenschaft <a href=\"http:\/\/www.sokw.ch\/\" target=\"_blank\" rel=\"noopener noreferrer\"><u><span style=\"color: #0066cc;\">Solarkraftwerk Wohlen (SOKW)<\/span><\/u><\/a> angegliedert wurde. Seit dem Projektstart unterst\u00fctzt die Gemeinde dieses Projekt mit j\u00e4hrlichen finanziellen Beitr\u00e4gen zwischen 7&#8217;000 und 10&#8217;000 Fr. Als Gegenleistung von <b>MobiLEM<\/b> wurden in den vergangenen mehr als 10 Jahren eine umfassende Infrastruktur zugunsten umweltschonender Mobilit\u00e4t aufgebaut, Beratungen und Service-Dienstleistungen angeboten sowie alle Arten von e-Fahrzeugen (neu und occasion) zu g\u00fcnstigsten Preisen vermittelt. Nicht zuletzt profitiert die Gemeinde Wohlen BE durch den Beitrag des Projektes an das Gesamtkonzept &#8218;Energiestadt&#8216;.<\/span><\/p>\n<p align=\"left\"><a name=\"ziel\"><\/a><\/p>\n<p align=\"left\"><span style=\"font-family: Arial, Helvetica, sans-serif; font-size: medium;\"><b>Zielsetzung<br \/>\n<\/b><\/span><span style=\"font-family: Arial, Helvetica, sans-serif; font-size: small;\"><br \/>\nDie Arbeitsgruppe MobiLEM f\u00fchrte die <\/span><span style=\"font-family: Arial; font-size: small;\">Projektarbeit <\/span><span style=\"font-family: Arial, Helvetica, sans-serif; font-size: small;\">mit folgenden Schwerpunkten durch:<\/span><\/p>\n<ul type=\"disc\">\n<li><span style=\"font-family: Arial; font-size: small;\">F\u00f6rderung der Leicht-Elektromobile (LEM) als Erg\u00e4nzung zum \u00f6ffentlichen Verkehr, in Verbindung mit der solaren Stromerzeugung (Solarkraftwerk Wohlen)<\/span><\/li>\n<li><span style=\"color: black; font-family: Arial; font-size: small;\">Beratung, Verkauf und Wartung von E-Bikes, E-Scootern und leichten E-Fahrzeugen<\/span><\/li>\n<li><span style=\"color: black; font-family: Arial; font-size: small;\">Testen von neuen Lithium-Batterien unter Anwendung des Batteriemanagementsystems BMS<\/span><\/li>\n<li><span style=\"font-family: Arial; font-size: small;\">F\u00f6rderung und Bereitstellung der n\u00f6tigen Infrastruktur: Parkpl\u00e4tze und Tankstellen (<\/span><a href=\"http:\/\/www.ecs-five.ch\/park&amp;charge\/index.htm\" target=\"_blank\" rel=\"noopener noreferrer\"><span style=\"color: #0066cc; font-family: Arial; font-size: small;\"><u>Park&amp;Charge<\/u><\/span><\/a><span style=\"font-family: Arial; font-size: small;\">) in Gemeinde und Region<\/span><\/li>\n<li><span style=\"font-family: Arial; font-size: small;\">Zusammenarbeit innerhalb der Arbeitsgruppe, mit Gemeinde, Solarkraftwerk, Bundesamt f\u00fcr Energiewirtschaft (BFE) und Kanton Bern <\/span><\/li>\n<\/ul>\n<p><img loading=\"lazy\" decoding=\"async\" class=\"alignnone size-medium wp-image-78\" src=\"https:\/\/mobilem.ch\/wordpress\/wp-content\/uploads\/2018\/05\/0104a-300x171.jpg\" alt=\"\" width=\"300\" height=\"171\" srcset=\"https:\/\/mobilem.ch\/wordpress\/wp-content\/uploads\/2018\/05\/0104a-300x171.jpg 300w, https:\/\/mobilem.ch\/wordpress\/wp-content\/uploads\/2018\/05\/0104a.jpg 399w\" sizes=\"auto, (max-width: 300px) 100vw, 300px\" \/><\/p>\n<table border=\"0\" width=\"100%\">\n<tbody>\n<tr>\n<td width=\"36%\"><span style=\"font-family: Arial; font-size: medium;\"><b>ehemalige Arbeitsgruppe MobiLEM<br \/>\n<\/b><\/span><span style=\"font-family: Arial; font-size: small;\"><b><br \/>\n<\/b>von links:<b><br \/>\n<\/b>Fritz Kaufmann, Uettligen, Delegierter SOKW<br \/>\nChristian Leu, Oberdettigen, Projektleiter<br \/>\nRen\u00e9 Borel, S\u00e4riswil, Mitglied<br \/>\nKurt Huber, Innerberg, Mitglied<br \/>\nPeter Sommer, Hinterkappelen, Mitglied<\/span><\/td>\n<td width=\"64%\"><\/td>\n<\/tr>\n<\/tbody>\n<\/table>\n<p><strong>Eine kurze Geschichte zu Christian Leu<\/strong><\/p>\n<p><b>In jungen Jahren hat er an Solar-Rennen teilgenommen. Christian Leu, Bauer im<\/b><\/p>\n<p><b>Weiler Oberdettigen (Gemeinde Wohlen bei Bern) ist ein Solarpionier, dieses Jahr ist er 70 geworden und blickt auf eine bewegte Zeit zur\u00fcck. <\/b><\/p>\n<p>Im Juni 1985 beteiligte sich Christian Leu, damals 38j\u00e4hrig, an der 1. Tour der Sol teil, die von Romanshorn nach Genf f\u00fchrte. In seinem B\u00fcro h\u00e4ngt noch die Urkunde dieses denkw\u00fcrdigen Rennens und er zeigt sie nicht ohne Stolz. Er habe sein Fahrzeug aus alten Motorradteilen zusammengesetzt, sagt Leu, \u201eich habe geplant, gebaut und gefahren.\u201c 10 x nahm Leu an der \u201eTour de Sol\u201c teil und war erfolgreich: So erreichte er 1993 mit einem selbstgebauten Hybrid-Solarfahrzeug den 1. Rang. Auch im Ausland war er mit seinem selbstgebauten Vehikel viel unterwegs, in Colmar, Frankfurt oder Paris, wo er ein Rundstrecken Rennen absolvierte. Nach der 1. Tour de Sol wurde er mit seinem Team nach Hamburg zum Norddeutschen Rundfunk eingeladen, 1987 ging\u2019s nach M\u00fcnchen, wo sein Solarfahrzeug im Film \u201edie z\u00e4rtlichen Chaoten\u201c mit Thomas Gottschalk einen Auftritt hatte.<\/p>\n<p>\u201eDie 80- und 90er waren eine bewegte Zeit\u201c, sagt Leu und bl\u00e4ttert in seinem Ordner und dem dicken Fotoalbum. Unz\u00e4hlige Presseberichte sind erschienen \u00fcber den Solar- Pionier, selbst in China und Japan waren seine Solar Konstruktionen ein Thema<\/p>\n<p>Leu war einer der ersten in der Gemeinde, der auf seinem Scheuendach 1987 eine Solaranlage baute und sie sp\u00e4ter erweiterte. 1992 kam er in den Gemeinderat von Wohlen, wo er das Departement Verkehr und Energie leitete. Sein ehrgeiziges Ziel war es, die Elektromobilit\u00e4t zu f\u00f6rdern und er setzte sich daf\u00fcr ein, dass Wohlen beim Grossversuch f\u00fcr Elektrofahrzeuge in Mendrisio, initiiert vom Bundesamt f\u00fcr Energie, als Partnergemeinde ausgew\u00e4hlt wurde. 1996 gr\u00fcndete er die Arbeitsgruppe \u201eMobilem\u201c (leicht elektrische Mobilit\u00e4t), die regelm\u00e4ssig in der Gemeinde Ausstellungen mit Elektro-, Gasfahrzeugen und auch Elektrobikes organisierte. Schwerpunkt der Arbeitsgruppe waren<\/p>\n<p>&#8211; F\u00f6rderung der Leicht-Elektromobile (LEM) als Erg\u00e4nzung zum \u00f6ffentlichen Verkehr, in Verbindung mit der solaren Stromerzeugung (Solarkraftwerk Wohlen)<\/p>\n<p><span style=\"color: #000000;\">&#8211; Beratung, Verkauf und Wartung von E-Bikes, E-Scootern und leichten E-Fahrzeugen<\/span><\/p>\n<p><span style=\"color: #000000;\">&#8211; Testen von neuen Lithium-Batterien unter Anwendung des Batteriemanagementsystems BMS<\/span><\/p>\n<p>&#8211; F\u00f6rderung und Bereitstellung der n\u00f6tigen Infrastruktur: Parkpl\u00e4tze und Tankstellen <strong>(<span style=\"color: #0000ff;\"><u><span style=\"font-size: small;\">Park&amp;Charge<\/span><\/u><\/span>)<\/strong> in Gemeinde und Region<\/p>\n<p>&#8211; Zusammenarbeit innerhalb der Arbeitsgruppe, mit Gemeinde, Solarkraftwerk, Bundesamt f\u00fcr Energiewirtschaft (BFE) und Kanton Bern<\/p>\n<p>2008 verlieh Wohlen der Gruppe Mobilem den Wohlener Hecht, ein Anerkennungspreis f\u00fcr besondere Verdienst in der Gemeinde. Geehrt wurden neben Initiant Leu auch die Gr\u00fcndungsmitglieder Rene Borel, Kurt Huber, Fritz Kaufmann, Peter Sommer und Wilfried Schmidt. Die Arbeitsgruppe wurde nach 20 Jahren aufgel\u00f6st.<\/p>\n<p>Heute ist es ruhiger geworden um den Bauer Christian Leu. Er ist pensioniert und hat 2013 den Hof seinem j\u00fcngsten Sohn \u00fcbergeben und wohnt jetzt im St\u00f6ckli. Aber aktiv und unternehmungslustig ist Leu immer noch. Auf seinem Hof f\u00fchrt er den Verkauf der Flyer<\/p>\n<p>E- Bikes weiter, deren Vertretung er von 10 Jahren \u00fcbernommen hat. Und er hat viel zu tun. Das Gesch\u00e4ft l\u00e4uft gut, so dass er nun eine GmbH gegr\u00fcndet hat. In den ersten Jahren habe er drei bis vier St\u00fcck verkauft, sagt Leu, im vergangenen Jahr waren es gegen 70.<\/p>\n<p>Er bietet in seiner Werkstatt einen guten Service an. Wichtig sei vor allem die Beratung, erkl\u00e4rt er, der seine Flyer Bikes auch f\u00fcr Probefahrten zur Verf\u00fcgung stellt.<\/p>\n<p>Jetzt hat Leu auch mehr Zeit f\u00fcr Ausfl\u00fcge und Reisen, so war er u.a. an der Expo in Mailand, aber am liebsten sei er sportlich mit dem Flyer unterwegs. Er gehe gern mit seiner Frau ins Oberland, mit dem E-Bike nach Grindelwald, von dort auf die Grosse Scheidegg und dann auf Velowegen zum First.<\/p>\n<p><span lang=\"fr-FR\">Urs J. Huber <\/span><\/p>\n","protected":false},"excerpt":{"rendered":"<p>Die mobilem gmbh ist aus einem Projekt der Gemeinde Wohlen entstanden.\u00a0 Die Gemeinde Wohlen bei Bern hat sich 1995 beim Bundesamt f\u00fcr Energie (BFE) als Modellversuchsgemeinde f\u00fcr den Grossversuch mit Elektromobilen beworben. Dieses Projekt wurde im Rahmen von Energie 2000 ausgeschrieben. Unter den \u00fcber 30 Bewerbern wurde Mendrisio f\u00fcr diesen Grossversuch ausgew\u00e4hlt. Den anderen Bewerbern &hellip; <a href=\"https:\/\/mobilem.ch\/wordpress\/index.php\/ueber-mich\/\" class=\"more-link\"><span class=\"screen-reader-text\">\u00dcber uns \/ Geschichte<\/span> weiterlesen <span class=\"meta-nav\">&rarr;<\/span><\/a><\/p>\n","protected":false},"author":1,"featured_media":0,"parent":0,"menu_order":9,"comment_status":"closed","ping_status":"closed","template":"","meta":{"footnotes":""},"class_list":["post-8","page","type-page","status-publish","hentry"],"_links":{"self":[{"href":"https:\/\/mobilem.ch\/wordpress\/index.php\/wp-json\/wp\/v2\/pages\/8","targetHints":{"allow":["GET"]}}],"collection":[{"href":"https:\/\/mobilem.ch\/wordpress\/index.php\/wp-json\/wp\/v2\/pages"}],"about":[{"href":"https:\/\/mobilem.ch\/wordpress\/index.php\/wp-json\/wp\/v2\/types\/page"}],"author":[{"embeddable":true,"href":"https:\/\/mobilem.ch\/wordpress\/index.php\/wp-json\/wp\/v2\/users\/1"}],"replies":[{"embeddable":true,"href":"https:\/\/mobilem.ch\/wordpress\/index.php\/wp-json\/wp\/v2\/comments?post=8"}],"version-history":[{"count":11,"href":"https:\/\/mobilem.ch\/wordpress\/index.php\/wp-json\/wp\/v2\/pages\/8\/revisions"}],"predecessor-version":[{"id":129,"href":"https:\/\/mobilem.ch\/wordpress\/index.php\/wp-json\/wp\/v2\/pages\/8\/revisions\/129"}],"wp:attachment":[{"href":"https:\/\/mobilem.ch\/wordpress\/index.php\/wp-json\/wp\/v2\/media?parent=8"}],"curies":[{"name":"wp","href":"https:\/\/api.w.org\/{rel}","templated":true}]}}